{"id":1893,"date":"2026-04-07T15:27:43","date_gmt":"2026-04-07T15:27:43","guid":{"rendered":"https:\/\/compadone.com\/couts-tarifs\/"},"modified":"2026-05-01T11:43:39","modified_gmt":"2026-05-01T11:43:39","slug":"couts-tarifs","status":"publish","type":"page","link":"https:\/\/compadone.com\/fr\/couts-tarifs\/","title":{"rendered":"Co\u00fbts\/tarifs"},"content":{"rendered":"<div class=\"fusion-fullwidth fullwidth-box fusion-builder-row-1 fusion-flex-container has-pattern-background has-mask-background nonhundred-percent-fullwidth non-hundred-percent-height-scrolling\" style=\"--awb-border-radius-top-left:0px;--awb-border-radius-top-right:0px;--awb-border-radius-bottom-right:0px;--awb-border-radius-bottom-left:0px;--awb-margin-top:10%;--awb-flex-wrap:wrap;\" ><div class=\"fusion-builder-row fusion-row fusion-flex-align-items-flex-start fusion-flex-content-wrap\" style=\"max-width:1185.6px;margin-left: calc(-4% \/ 2 );margin-right: calc(-4% \/ 2 );\"><div class=\"fusion-layout-column fusion_builder_column fusion-builder-column-0 fusion_builder_column_1_1 1_1 fusion-flex-column\" style=\"--awb-bg-size:cover;--awb-width-large:100%;--awb-margin-top-large:12%;--awb-spacing-right-large:1.92%;--awb-margin-bottom-large:5%;--awb-spacing-left-large:1.92%;--awb-width-medium:100%;--awb-order-medium:0;--awb-spacing-right-medium:1.92%;--awb-spacing-left-medium:1.92%;--awb-width-small:100%;--awb-order-small:0;--awb-spacing-right-small:1.92%;--awb-spacing-left-small:1.92%;\" data-scroll-devices=\"small-visibility,medium-visibility,large-visibility\"><div class=\"fusion-column-wrapper fusion-column-has-shadow fusion-flex-justify-content-flex-start fusion-content-layout-column\"><div class=\"fusion-text fusion-text-1\"><h3>Support<\/h3>\n<p>Le service d\u2019assistance est joignable 7 jours sur 7, 365 jours par an, y compris le soir, le week-end et les jours f\u00e9ri\u00e9s<\/p>\n<p><strong>Pr\u00e9paration technique<\/strong><\/p>\n<p>Un document d\u00e9taill\u00e9 est disponible pour la pr\u00e9paration technique de votre caisse CompadOne. Ce document contient : <\/p>\n<ul>\n<li>Exigences de c\u00e2blage<\/li>\n<li>Configuration r\u00e9seau<\/li>\n<li>Instructions d\u2019installation<\/li>\n<li>Exigences mat\u00e9rielles et logicielles sp\u00e9cifiques<\/li>\n<\/ul>\n<p><em>Remarque : Le document technique peut \u00eatre obtenu sur demande et est destin\u00e9 \u00e0 garantir une installation fluide et efficace.<\/em><\/p>\n<p><strong>Mise en service de CompadOne<\/strong><\/p>\n<p>Notre mise en \u0153uvre comprend, entre autres, une <strong data-start=\"107\" data-end=\"129\">formation \u00e0 la gestion<\/strong> au centre de formation de Compad, laquelle est <strong data-start=\"173\" data-end=\"186\">obligatoire<\/strong> pour un fonctionnement correct et optimal de la CompadOne.<br data-start=\"245\" data-end=\"248\">De plus, le client peut <strong data-start=\"279\" data-end=\"292\" data-is-only-node=\"\">en option<\/strong> choisir l\u2019<strong data-start=\"305\" data-end=\"375\">installation de la caisse sur site, y compris l\u2019explication au personnel<\/strong>.<br data-start=\"376\" data-end=\"379\">Si cette option n\u2019est pas souscrite, les \u00e9ventuels frais pour des questions d\u2019installation ou l\u2019accompagnement du personnel sont enti\u00e8rement \u00e0 la charge du client.<\/p>\n<p>Nos conditions g\u00e9n\u00e9rales s\u2019appliquent \u00e0 toutes nos livraisons. Tous nos prix s\u2019entendent hors TVA. <\/p>\n<p>En cas de rejet d\u2019un pr\u00e9l\u00e8vement automatique justifi\u00e9, des frais administratifs de 30 \u20ac par incident seront factur\u00e9s.<\/p>\n<\/div>\n<div class=\"table-1\">\n<table width=\"100%\">\n<thead>\n<tr>\n<th align=\"left\" width=\"70%\"><strong>Assistance personnelle<\/strong><\/th>\n<th align=\"left\"><\/th>\n<\/tr>\n<\/thead>\n<tbody>\n<tr>\n<td align=\"left\"><strong>Inclus dans l\u2019abonnement :<\/strong><\/p>\n<ul>\n<li>Joignable pendant les heures d\u2019ouverture habituelles de Compad<\/li>\n<li>Joignable pendant le service de d\u00e9pannage<\/li>\n<li>Assistance \u00e0 distance via Teamviewer<\/li>\n<li>Avec une connexion Teamviewer fonctionnelle<\/li>\n<li>Mises \u00e0 jour CompadOne<\/li>\n<\/ul>\n<p><b>Non inclus dans l\u2019abonnement :<\/b><\/p>\n<ul>\n<li>Suivi des questions d\u2019assistance<\/li>\n<li>Importation du fichier d\u2019articles<\/li>\n<li>Reprogrammation<\/li>\n<li>Frais et gestion du terminal de paiement et frais de transaction PIN<\/li>\n<li>Frais pour Pay.nl<\/li>\n<\/ul>\n<\/td>\n<td align=\"left\" valign=\"bottom\"><\/td>\n<\/tr>\n<\/tbody>\n<\/table>\n<\/div>\n\n<div class=\"table-1\">\n<table width=\"100%\">\n<thead>\n<tr>\n<th align=\"left\" width=\"70%\"><strong>Assistance personnelle<\/strong><\/th>\n<th align=\"left\"><\/th>\n<\/tr>\n<\/thead>\n<tbody>\n<tr>\n<td align=\"left\">\n<ul>\n<li><span style=\"font-family: inherit; font-size: inherit;\"><span style=\"font-family: inherit; font-size: inherit;\">Assistance pendant les heures de bureau habituelles<\/span><\/span><\/li>\n<\/ul>\n<\/td>\n<td align=\"left\" valign=\"centre\">30 \u20ac par quart d\u2019heure<\/td>\n<\/tr>\n<tr>\n<td align=\"left\">\n<ul>\n<li>Assistance service de d\u00e9pannage<\/li>\n<\/ul>\n<\/td>\n<td align=\"left\" valign=\"centre\"> 60 \u20ac par quart d\u2019heure*<\/p>\n<p>* Avec un minimum de 120 \u20ac<\/td>\n<\/tr>\n<\/tbody>\n<\/table>\n<\/div>\n<div class=\"fusion-separator fusion-full-width-sep\" style=\"align-self: center;margin-left: auto;margin-right: auto;margin-top:10px;margin-bottom:10px;width:100%;\"><\/div><\/div><\/div><\/div><\/div>\n","protected":false},"excerpt":{"rendered":"","protected":false},"author":1,"featured_media":0,"parent":0,"menu_order":0,"comment_status":"closed","ping_status":"closed","template":"","meta":{"footnotes":""},"class_list":["post-1893","page","type-page","status-publish","hentry"],"_links":{"self":[{"href":"https:\/\/compadone.com\/fr\/wp-json\/wp\/v2\/pages\/1893","targetHints":{"allow":["GET"]}}],"collection":[{"href":"https:\/\/compadone.com\/fr\/wp-json\/wp\/v2\/pages"}],"about":[{"href":"https:\/\/compadone.com\/fr\/wp-json\/wp\/v2\/types\/page"}],"author":[{"embeddable":true,"href":"https:\/\/compadone.com\/fr\/wp-json\/wp\/v2\/users\/1"}],"replies":[{"embeddable":true,"href":"https:\/\/compadone.com\/fr\/wp-json\/wp\/v2\/comments?post=1893"}],"version-history":[{"count":2,"href":"https:\/\/compadone.com\/fr\/wp-json\/wp\/v2\/pages\/1893\/revisions"}],"predecessor-version":[{"id":1895,"href":"https:\/\/compadone.com\/fr\/wp-json\/wp\/v2\/pages\/1893\/revisions\/1895"}],"wp:attachment":[{"href":"https:\/\/compadone.com\/fr\/wp-json\/wp\/v2\/media?parent=1893"}],"curies":[{"name":"wp","href":"https:\/\/api.w.org\/{rel}","templated":true}]}}