{"id":1482,"date":"2025-10-31T14:50:50","date_gmt":"2025-10-31T14:50:50","guid":{"rendered":"https:\/\/compadone.com\/declaration-de-confidentialite\/"},"modified":"2026-05-01T11:37:13","modified_gmt":"2026-05-01T11:37:13","slug":"declaration-de-confidentialite","status":"publish","type":"page","link":"https:\/\/compadone.com\/fr\/declaration-de-confidentialite\/","title":{"rendered":"D\u00e9claration de confidentialit\u00e9"},"content":{"rendered":"<div class=\"fusion-fullwidth fullwidth-box fusion-builder-row-1 fusion-flex-container nonhundred-percent-fullwidth non-hundred-percent-height-scrolling\" style=\"--awb-border-radius-top-left:0px;--awb-border-radius-top-right:0px;--awb-border-radius-bottom-right:0px;--awb-border-radius-bottom-left:0px;--awb-flex-wrap:wrap;\" ><div class=\"fusion-builder-row fusion-row fusion-flex-align-items-flex-start fusion-flex-content-wrap\" style=\"max-width:1185.6px;margin-left: calc(-4% \/ 2 );margin-right: calc(-4% \/ 2 );\"><div class=\"fusion-layout-column fusion_builder_column fusion-builder-column-0 fusion_builder_column_1_1 1_1 fusion-flex-column\" style=\"--awb-bg-size:cover;--awb-width-large:100%;--awb-margin-top-large:15%;--awb-spacing-right-large:1.92%;--awb-margin-bottom-large:5%;--awb-spacing-left-large:1.92%;--awb-width-medium:100%;--awb-order-medium:0;--awb-spacing-right-medium:1.92%;--awb-spacing-left-medium:1.92%;--awb-width-small:100%;--awb-order-small:0;--awb-spacing-right-small:1.92%;--awb-spacing-left-small:1.92%;\" data-scroll-devices=\"small-visibility,medium-visibility,large-visibility\"><div class=\"fusion-column-wrapper fusion-column-has-shadow fusion-flex-justify-content-flex-start fusion-content-layout-column\"><div class=\"fusion-title title fusion-title-1 fusion-sep-none fusion-title-text fusion-title-size-three\" style=\"--awb-text-color:var(--awb-color6);--awb-margin-top-small:0px;--awb-margin-right-small:0px;--awb-margin-bottom-small:20px;--awb-margin-left-small:0px;\"><h3 class=\"fusion-title-heading title-heading-left fusion-responsive-typography-calculated\" style=\"margin:0;--fontSize:45;line-height:var(--awb-typography1-line-height);\">D\u00e9claration de confidentialit\u00e9<\/h3><\/div><div class=\"fusion-text fusion-text-1\"><p data-start=\"3846\" data-end=\"3959\"><strong data-start=\"3846\" data-end=\"3882\">Compad Software Development B.V.<\/strong><br data-start=\"3882\" data-end=\"3885\">Adresse : Demmersweg 92, 7556 BB Hengelo<br data-start=\"3922\" data-end=\"3925\">T\u00e9l : 074-3200 000<br data-start=\"3942\" data-end=\"3945\">Version : 2026<\/p>\n<p style=\"font-weight: 400; color: #006ab4;\"><strong>Qui est responsable de vos donn\u00e9es ?<\/strong><\/p>\n<p data-start=\"4014\" data-end=\"4123\">Compad Software Development B.V. est responsable du traitement des donn\u00e9es \u00e0 caract\u00e8re personnel via CompadOne.<\/p>\n<p style=\"font-weight: 400; color: #006ab4;\"><strong>Quelles donn\u00e9es \u00e0 caract\u00e8re personnel traitons-nous ?<\/strong><\/p>\n<p data-start=\"4174\" data-end=\"4203\">Nous traitons entre autres :<\/p>\n<ul data-start=\"4204\" data-end=\"4374\">\n<li data-section-id=\"1efs5j2\" data-start=\"4204\" data-end=\"4240\">Le nom, l\u2019adresse et l\u2019e-mail des clients ;<\/li>\n<li data-section-id=\"827g2s\" data-start=\"4241\" data-end=\"4275\">Les donn\u00e9es de paiement et de transaction ;<\/li>\n<li data-section-id=\"1pu8aha\" data-start=\"4276\" data-end=\"4329\">Les informations clients saisies via la caisse ;<\/li>\n<li data-section-id=\"1o8nxif\" data-start=\"4330\" data-end=\"4374\">Les donn\u00e9es de journalisation relatives \u00e0 l\u2019utilisation du logiciel.<\/li>\n<\/ul>\n<p style=\"font-weight: 400; color: #006ab4;\"><strong>Finalit\u00e9 du traitement<\/strong><\/p>\n<p data-start=\"4410\" data-end=\"4445\">Vos donn\u00e9es sont utilis\u00e9es pour :<\/p>\n<ul data-start=\"4446\" data-end=\"4664\">\n<li data-section-id=\"j0uoo2\" data-start=\"4446\" data-end=\"4492\">le bon fonctionnement de CompadOne ;<\/li>\n<li data-section-id=\"w06mwp\" data-start=\"4493\" data-end=\"4571\">l\u2019ex\u00e9cution de l\u2019abonnement (mises \u00e0 jour, support, service de continuit\u00e9) ;<\/li>\n<li data-section-id=\"1a82efb\" data-start=\"4572\" data-end=\"4664\">le respect des obligations l\u00e9gales (par exemple, l\u2019archivage fiscal des transactions).<\/li>\n<\/ul>\n<p style=\"font-weight: 400; color: #006ab4;\"><strong>Base juridique du traitement<\/strong><\/p>\n<p data-start=\"4705\" data-end=\"4751\">Nous traitons les donn\u00e9es \u00e0 caract\u00e8re personnel sur la base de :<\/p>\n<ul data-start=\"4752\" data-end=\"4892\">\n<li data-section-id=\"kj92c3\" data-start=\"4752\" data-end=\"4818\">l\u2019ex\u00e9cution d\u2019un contrat (l\u2019abonnement CompadOne) ;<\/li>\n<li data-section-id=\"1c6krtx\" data-start=\"4819\" data-end=\"4849\">obligations l\u00e9gales ;<\/li>\n<li data-section-id=\"ze8ns3\" data-start=\"4850\" data-end=\"4892\">votre consentement, le cas \u00e9ch\u00e9ant.<\/li>\n<\/ul>\n<p style=\"font-weight: 400; color: #006ab4;\"><strong>D\u00e9lais de conservation<\/strong><\/p>\n<p data-start=\"4921\" data-end=\"5118\">Les donn\u00e9es \u00e0 caract\u00e8re personnel sont conserv\u00e9es aussi longtemps que n\u00e9cessaire pour l\u2019ex\u00e9cution de l\u2019abonnement, ou selon les exigences l\u00e9gales. Ensuite, les donn\u00e9es sont supprim\u00e9es de mani\u00e8re s\u00e9curis\u00e9e ou restitu\u00e9es au client. <\/p>\n<p style=\"font-weight: 400; color: #006ab4;\"><strong>Partage avec des tiers<\/strong><\/p>\n<ul data-start=\"5148\" data-end=\"5365\">\n<li data-section-id=\"dshz07\" data-start=\"5148\" data-end=\"5229\">Les donn\u00e9es \u00e0 caract\u00e8re personnel ne sont ni vendues ni partag\u00e9es \u00e0 des fins commerciales.<\/li>\n<li data-section-id=\"xjcah2\" data-start=\"5230\" data-end=\"5365\">Pour l\u2019ex\u00e9cution de l\u2019abonnement, les donn\u00e9es peuvent \u00eatre partag\u00e9es avec des sous-traitants, par exemple des services d\u2019h\u00e9bergement ou de messagerie.<\/li>\n<\/ul>\n<p style=\"font-weight: 400; color: #006ab4;\"><strong>S\u00e9curit\u00e9<\/strong><\/p>\n<p data-start=\"5390\" data-end=\"5540\">Nous avons pris les mesures techniques et organisationnelles appropri\u00e9es pour prot\u00e9ger vos donn\u00e9es contre la perte, le vol et l\u2019acc\u00e8s non autoris\u00e9.<\/p>\n<p style=\"font-weight: 400; color: #006ab4;\"><strong>Vos droits<\/strong><\/p>\n<p data-start=\"5564\" data-end=\"5583\">Vous avez droit \u00e0 :<\/p>\n<ul data-start=\"5584\" data-end=\"5792\">\n<li data-section-id=\"2328oy\" data-start=\"5584\" data-end=\"5628\">la consultation et la copie de vos donn\u00e9es \u00e0 caract\u00e8re personnel ;<\/li>\n<li data-section-id=\"1h8il2o\" data-start=\"5629\" data-end=\"5673\">la rectification ou le compl\u00e9ment de vos donn\u00e9es ;<\/li>\n<li data-section-id=\"ylsfgk\" data-start=\"5674\" data-end=\"5719\">la suppression ou la limitation du traitement ;<\/li>\n<li data-section-id=\"16iram8\" data-start=\"5720\" data-end=\"5751\">la portabilit\u00e9 de vos donn\u00e9es ;<\/li>\n<li data-section-id=\"1xtkw9k\" data-start=\"5752\" data-end=\"5792\">l\u2019opposition \u00e0 certains traitements.<\/li>\n<\/ul>\n<p style=\"font-weight: 400; color: #006ab4;\"><strong>Contact<\/strong><\/p>\n<p data-start=\"5813\" data-end=\"5909\">Pour toute question concernant vos donn\u00e9es \u00e0 caract\u00e8re personnel ou l\u2019exercice de vos droits, vous pouvez nous contacter via :<\/p>\n<ul data-start=\"5910\" data-end=\"5966\">\n<li data-section-id=\"me1sr1\" data-start=\"5910\" data-end=\"5939\">E-mail : <a class=\"decorated-link cursor-pointer\" rel=\"noopener\" data-start=\"5920\" data-end=\"5937\">info@compad.nl<\/a><\/li>\n<li data-section-id=\"jxn9jh\" data-start=\"5940\" data-end=\"5966\">T\u00e9l\u00e9phone : 074-3200 000<\/li>\n<\/ul>\n<\/div><\/div><\/div><\/div><\/div>\n","protected":false},"excerpt":{"rendered":"","protected":false},"author":1,"featured_media":0,"parent":0,"menu_order":0,"comment_status":"closed","ping_status":"open","template":"","meta":{"footnotes":""},"class_list":["post-1482","page","type-page","status-publish","hentry"],"_links":{"self":[{"href":"https:\/\/compadone.com\/fr\/wp-json\/wp\/v2\/pages\/1482","targetHints":{"allow":["GET"]}}],"collection":[{"href":"https:\/\/compadone.com\/fr\/wp-json\/wp\/v2\/pages"}],"about":[{"href":"https:\/\/compadone.com\/fr\/wp-json\/wp\/v2\/types\/page"}],"author":[{"embeddable":true,"href":"https:\/\/compadone.com\/fr\/wp-json\/wp\/v2\/users\/1"}],"replies":[{"embeddable":true,"href":"https:\/\/compadone.com\/fr\/wp-json\/wp\/v2\/comments?post=1482"}],"version-history":[{"count":5,"href":"https:\/\/compadone.com\/fr\/wp-json\/wp\/v2\/pages\/1482\/revisions"}],"predecessor-version":[{"id":1487,"href":"https:\/\/compadone.com\/fr\/wp-json\/wp\/v2\/pages\/1482\/revisions\/1487"}],"wp:attachment":[{"href":"https:\/\/compadone.com\/fr\/wp-json\/wp\/v2\/media?parent=1482"}],"curies":[{"name":"wp","href":"https:\/\/api.w.org\/{rel}","templated":true}]}}