{"id":1953,"date":"2026-04-07T14:26:37","date_gmt":"2026-04-07T14:26:37","guid":{"rendered":"https:\/\/compadone.com\/allgemeine-geschaeftsbedingungen\/"},"modified":"2026-05-01T11:47:56","modified_gmt":"2026-05-01T11:47:56","slug":"allgemeine-geschaeftsbedingungen","status":"publish","type":"page","link":"https:\/\/compadone.com\/de\/allgemeine-geschaeftsbedingungen\/","title":{"rendered":"Allgemeine Gesch\u00e4ftsbedingungen"},"content":{"rendered":"<div class=\"fusion-fullwidth fullwidth-box fusion-builder-row-1 fusion-flex-container has-pattern-background has-mask-background nonhundred-percent-fullwidth non-hundred-percent-height-scrolling\" style=\"--awb-border-radius-top-left:0px;--awb-border-radius-top-right:0px;--awb-border-radius-bottom-right:0px;--awb-border-radius-bottom-left:0px;--awb-margin-top:10%;--awb-flex-wrap:wrap;\" ><div class=\"fusion-builder-row fusion-row fusion-flex-align-items-flex-start fusion-flex-content-wrap\" style=\"max-width:1185.6px;margin-left: calc(-4% \/ 2 );margin-right: calc(-4% \/ 2 );\"><div class=\"fusion-layout-column fusion_builder_column fusion-builder-column-0 fusion_builder_column_1_1 1_1 fusion-flex-column\" style=\"--awb-bg-size:cover;--awb-width-large:100%;--awb-margin-top-large:12%;--awb-spacing-right-large:1.92%;--awb-margin-bottom-large:5%;--awb-spacing-left-large:1.92%;--awb-width-medium:100%;--awb-order-medium:0;--awb-spacing-right-medium:1.92%;--awb-spacing-left-medium:1.92%;--awb-width-small:100%;--awb-order-small:0;--awb-spacing-right-small:1.92%;--awb-spacing-left-small:1.92%;\" data-scroll-devices=\"small-visibility,medium-visibility,large-visibility\"><div class=\"fusion-column-wrapper fusion-column-has-shadow fusion-flex-justify-content-flex-start fusion-content-layout-column\"><div class=\"fusion-title title fusion-title-1 fusion-sep-none fusion-title-text fusion-title-size-three\" style=\"--awb-text-color:var(--awb-color6);--awb-margin-top-small:0px;--awb-margin-right-small:0px;--awb-margin-bottom-small:20px;--awb-margin-left-small:0px;\"><h3 class=\"fusion-title-heading title-heading-left fusion-responsive-typography-calculated\" style=\"margin:0;--fontSize:45;line-height:var(--awb-typography1-line-height);\">Allgemeine Gesch\u00e4ftsbedingungen<\/h3><\/div><div class=\"fusion-text fusion-text-1\"><p style=\"font-weight: 400; color: #006ab4;\"><strong>Allgemeine Gesch\u00e4ftsbedingungen CompadOne<\/strong><\/p>\n<p style=\"font-weight: 400;\"><strong>Compad Software Development B.V.<\/strong><br \/>\nAdresse: Demmersweg 92, 7556 BB Hengelo<br \/>\nTel: 074-3200 000<br \/>\nVersion: 2026<\/p>\n<ol>\n<li style=\"font-weight: 400; color: #006ab4;\"><strong>  Allgemeines<\/strong><\/li>\n<\/ol>\n<p style=\"font-weight: 400;\">1.1 Diese Bedingungen gelten f\u00fcr alle Angebote, Vertr\u00e4ge und Lieferungen von CompadOne, entwickelt von Compad Software Development B.V. (\u201eCompad Software\u201c).<br \/>\n1.2 Die angegebenen Preise verstehen sich zuz\u00fcglich Mehrwertsteuer und etwaiger anderer gesetzlicher Abgaben.<br data-start=\"206\" data-end=\"209\">1.3 Die genannten Angebote und Kostenvoranschl\u00e4ge stellen ein unverbindliches Angebot dar und sind 30 Tage lang g\u00fcltig. Nach diesem Zeitraum verf\u00e4llt das Angebot automatisch.<br \/>\n1.3 Abweichungen von diesen Bedingungen sind nur g\u00fcltig, wenn sie von Compad Software schriftlich best\u00e4tigt wurden.<br \/>\n1.4 Allgemeine Gesch\u00e4ftsbedingungen des Auftraggebers finden ausdr\u00fccklich keine Anwendung, sofern nicht schriftlich etwas anderes vereinbart wurde. <\/p>\n<ol start=\"2\">\n<li style=\"font-weight: 400; color: #006ab4;\"><strong>  Abonnementform<\/strong><\/li>\n<\/ol>\n<p style=\"font-weight: 400;\">2.1 CompadOne wird in Form eines monatlichen Abonnements geliefert. Dies umfasst die Nutzung der Hardware-Kasse mit integriertem oder externem Belegdrucker und der dazugeh\u00f6rigen CompadOne-Software.<br \/>\n2.2 Das Abonnement hat eine Mindestlaufzeit von drei Jahren, sofern nicht schriftlich etwas anderes vereinbart wurde.<br \/>\n2.3 Die Zahlung erfolgt monatlich im Voraus \u00fcber die vereinbarte Zahlungsart.<br \/>\n2.4 Eine K\u00fcndigung ist mit einer schriftlichen Mitteilung sp\u00e4testens drei Monate vor Ende des Abonnementzeitraums m\u00f6glich.<br \/>\n2.5 Das Abonnement umfasst das Recht auf Wartung und Software-Updates gem\u00e4\u00df Artikel 6. <\/p>\n<ol start=\"3\">\n<li style=\"font-weight: 400; color: #006ab4;\"><strong>  Lieferung und Garantie<\/strong><\/li>\n<\/ol>\n<p style=\"font-weight: 400;\">3.1 CompadOne wird geliefert, sobald der Vertrag zustande gekommen ist und die erste Zahlung eingegangen ist.<br \/>\n3.2 Die Auslieferung von Produkten und\/oder Dienstleistungen durch CompadOne erfolgt erst, nachdem der Vertrag von beiden Parteien unterzeichnet wurde. CompadOne wendet eine Mindestlieferzeit von sechs (6) Wochen nach Unterzeichnung des Vertrags an.<br \/>\n3.3 Compad Software beh\u00e4lt sich das Recht vor, ihre Tarife anzupassen, sofern nicht schriftlich etwas anderes vereinbart wurde.<br \/>\n3.4 Die Hardware von CompadOne hat eine Garantiezeit von drei Jahren. Compad Software sorgt bei Defekten f\u00fcr den Austausch der Hardware innerhalb von f\u00fcnf Werktagen, nachdem die defekte Hardware bei Compad Software eingegangen ist und beurteilt wurde. Dabei tr\u00e4gt der Auftraggeber Sorge. Der Austausch kann aus einer neuen oder general\u00fcberholten Kasse bestehen, die mit der CompadOne-Software ausgestattet ist.<br \/>\n3.5 Die Garantie gilt ausschlie\u00dflich f\u00fcr Defekte infolge normaler Nutzung. Der Auftraggeber ist f\u00fcr die R\u00fccksendung der defekten Hardware an Compad Software verantwortlich. Dies hat durch eine ordnungsgem\u00e4\u00dfe Verpackung der Kasse zu erfolgen, vorzugsweise in der Originalverpackung, und durch den Versand per Post oder Kurier. Die Kosten und das Risiko des Transports gehen vollst\u00e4ndig zu Lasten des Auftraggebers. Etwaige Sch\u00e4den, die w\u00e4hrend des Transports infolge unsachgem\u00e4\u00dfer Verpackung entstehen, gehen ebenfalls vollst\u00e4ndig zu Lasten und auf Risiko des Auftraggebers.<br \/>\n3.6 Die Garantie deckt Folgendes nicht ab:        <\/p>\n<ul style=\"font-weight: 400;\">\n<li>Sch\u00e4den durch Wasser, Feuchtigkeit oder andere Fl\u00fcssigkeiten;<\/li>\n<li>Sch\u00e4den durch Herunterfallen, St\u00f6\u00dfe oder physische Einwirkung;<\/li>\n<li>Sch\u00e4den durch unrichtigen, unsachgem\u00e4\u00dfen oder unprofessionellen Gebrauch der Hardware;<\/li>\n<li>Sch\u00e4den durch externe Einfl\u00fcsse wie Stromausf\u00e4lle, Blitzeinschlag, Feuer oder andere Naturkatastrophen.<\/li>\n<\/ul>\n<p style=\"font-weight: 400;\">3.7 Probleme oder Fehler in der Software fallen nicht unter die Hardwaregarantie, k\u00f6nnen jedoch durch Wartung und Updates behoben werden.<\/p>\n<p>3.8 Auf Wunsch des Auftraggebers kann Compad Software von der Standardlieferzeit abweichen und eine beschleunigte Lieferung oder einen beschleunigten Austausch vornehmen, sofern die angeforderte Kasse vorr\u00e4tig ist. Die damit verbundenen zus\u00e4tzlichen Kosten gehen vollst\u00e4ndig zu Lasten des Auftraggebers, darunter unter anderem: <\/p>\n<ul style=\"font-weight: 400;\">\n<li>Einsatz des St\u00f6rungsdienstes au\u00dferhalb der regul\u00e4ren Arbeitszeiten;<\/li>\n<li>Kosten f\u00fcr die eilige Betriebsbereitstellung der Kasse;<\/li>\n<li>Kurier- und Transportkosten f\u00fcr die beschleunigte Lieferung.<\/li>\n<\/ul>\n<p style=\"font-weight: 400;\">3.9 Der Auftraggeber ist f\u00fcr die Installationsumgebung, Infrastruktur und Verkabelung verantwortlich, einschlie\u00dflich ausreichender Stromversorgung und Netzwerkkonnektivit\u00e4t. Die technischen Anforderungen sind im Handbuch \u201eInstallation CompadOne\u201c festgelegt. <\/p>\n<p style=\"font-weight: 400;\">3.10 Compad Software haftet nicht f\u00fcr Sch\u00e4den oder St\u00f6rungen durch unsachgem\u00e4\u00dfe Installation, unzureichende Stromversorgung oder schlechte Internetverbindung. Der Auftraggeber hat hierf\u00fcr selbst einen qualifizierten Installateur oder Elektriker hinzuzuziehen. <\/p>\n<ol start=\"4\">\n<li style=\"font-weight: 400; color: #006ab4;\"><strong>  Installation, Infrastruktur und Unterst\u00fctzung<\/strong><\/li>\n<\/ol>\n<p style=\"font-weight: 400;\">4.1 Compad Software liefert CompadOne als Kombination aus Hardware und Software, einsatzbereit unter korrekten Bedingungen. Auf Anfrage ist die Lieferung von ausschlie\u00dflich der CompadOne-Software m\u00f6glich. <br data-start=\"3143\" data-end=\"3146\">4.2 Der Auftraggeber ist voll verantwortlich f\u00fcr die vorhandene Infrastruktur, darunter: Verkabelung, Netzwerkeinrichtungen, Internetverbindung, ausreichende und korrekte Stromversorgung sowie Anschlusspunkte.<br data-start=\"3361\" data-end=\"3364\">4.3 Die technischen Anforderungen, denen die Infrastruktur entsprechen muss, sind im Handbuch \u201eInstallation CompadOne\u201c festgelegt, welches von Compad Software zur Verf\u00fcgung gestellt wird.<br data-start=\"3546\" data-end=\"3549\">4.4 Der Auftraggeber tr\u00e4gt Sorge daf\u00fcr, dass die Installationsumgebung diesen Anforderungen entspricht. Ist dies nicht der Fall, gehen etwaige St\u00f6rungen, M\u00e4ngel oder Verz\u00f6gerungen vollst\u00e4ndig zu Lasten und auf Risiko des Auftraggebers.<br data-start=\"3783\" data-end=\"3786\">4.5 Compad Software haftet nicht f\u00fcr Sch\u00e4den, St\u00f6rungen oder das Nichtfunktionieren von CompadOne infolge von: unsachgem\u00e4\u00dfer oder unrichtiger Verlegung der Verkabelung oder Infrastruktur, unzureichender oder mangelhafter Stromversorgung oder St\u00f6rungen der Internetverbindung.<br data-start=\"4062\" data-end=\"4065\">4.6 Der Auftraggeber hat selbst einen qualifizierten Installateur oder Elektriker hinzuzuziehen, falls dies f\u00fcr eine korrekte Installation erforderlich ist.<br data-start=\"4227\" data-end=\"4230\">4.7 Compad Software bietet Fernunterst\u00fctzung w\u00e4hrend der regul\u00e4ren B\u00fcrozeiten an. Au\u00dferhalb dieser Zeiten kann ein St\u00f6rungsdienst in Anspruch genommen werden; Kosten und Bedingungen f\u00fcr Helpdesk und St\u00f6rungsdienst finden Sie unter \u201eKosten\u201c.<br data-start=\"4456\" data-end=\"4459\">4.8 Compad Software steht daf\u00fcr ein, dass die gelieferte Hardware und Software vorab getestet wurden und bei Lieferung korrekt funktionieren, sofern sie in \u00dcbereinstimmung mit den festgelegten Installationsanforderungen verwendet werden.   <\/p>\n<ol start=\"5\">\n<li style=\"font-weight: 400; color: #006ab4;\"><strong>  Kontinuit\u00e4tsservice (optional)<\/strong><\/li>\n<\/ol>\n<p style=\"font-weight: 400;\">5.1 Kunden k\u00f6nnen einen Kontinuit\u00e4tsservice f\u00fcr eine zus\u00e4tzliche Kasse mit Software abschlie\u00dfen.<br \/>\n5.2 Bei Ausfall der prim\u00e4ren Kasse kann die Reservekasse sofort eingesetzt werden, wodurch die Betriebskontinuit\u00e4t gew\u00e4hrleistet bleibt.<br \/>\n5.3 Dieser Service ist optional und nicht Bestandteil des Standard-Abonnements.<\/p>\n<ol start=\"6\">\n<li style=\"font-weight: 400; color: #006ab4;\"><strong>  Wartung und Software-Updates<\/strong><\/li>\n<\/ol>\n<p style=\"font-weight: 400;\">6.1 W\u00e4hrend des Abonnements erh\u00e4lt der Auftraggeber automatisch alle Software-Updates von CompadOne.<br \/>\n6.2 Updates k\u00f6nnen neue Funktionen enthalten; Compad Software garantiert nicht, dass bisherige Funktionalit\u00e4ten vollst\u00e4ndig unver\u00e4ndert bleiben.<br \/>\n6.3 Drei Monate nach Bereitstellung eines Updates ist Compad Software nicht l\u00e4nger verpflichtet, Unterst\u00fctzung f\u00fcr fr\u00fchere Softwareversionen anzubieten.<br \/>\n6.4 Die Wartung umfasst ausschlie\u00dflich die Behebung von Defekten bei normaler Nutzung der Software. Defekte, die durch externe Faktoren oder unsachgem\u00e4\u00dfe Nutzung verursacht wurden, fallen nicht darunter.<br \/>\n6.5 Der Auftraggeber hat bei der Wartung mitzuwirken, unter anderem durch die Bereitstellung der Kasse und den Zugang zu Systemen, falls erforderlich.<br \/>\n6.6 Compad Software ist bestrebt, Softwareprobleme innerhalb von 5 Werktagen w\u00e4hrend der regul\u00e4ren B\u00fcrozeiten zu l\u00f6sen. Au\u00dferhalb dieser Zeiten gilt der St\u00f6rungsdienst (siehe Kosten und Bedingungen).<br \/>\n6.7 Der Auftraggeber ist selbst f\u00fcr die Erstellung von Datensicherungen verantwortlich. Compad Software haftet nicht f\u00fcr den Verlust von Verkaufs-, Kunden- oder Finanzdaten.<br data-start=\"5988\" data-end=\"5991\">6.8 Compad Software haftet nicht f\u00fcr etwaige Probleme, die durch Software-Updates verursacht werden.   <\/p>\n<ol start=\"7\">\n<li style=\"font-weight: 400; color: #006ab4;\"><strong>  Eigentum und Nutzung<\/strong><\/li>\n<\/ol>\n<p style=\"font-weight: 400;\">7.1 Die Hardware und Software von CompadOne bleiben Eigentum von Compad Software und werden dem Kunden leihweise \u00fcberlassen.<br \/>\n7.2 Mit dem Abonnement erh\u00e4lt der Auftraggeber ein nicht exklusives, nicht \u00fcbertragbares Nutzungsrecht an CompadOne w\u00e4hrend des Abonnementzeitraums.<br \/>\n7.3 Weiterverkauf, Vermietung, Kopieren, Anpassen, Dekompilieren oder die anderweitige Bereitstellung der Software an Dritte ist ohne schriftliche Zustimmung von Compad Software untersagt.<br \/>\n7.4 Die Lizenz gilt pro Kasse und pro Standort; die Nutzung auf mehreren Kassen oder an mehreren Standorten ist nur nach Abschluss zus\u00e4tzlicher Abonnements gestattet.<br \/>\n7.5 Die von Compad Software gelieferte Hardware bleibt jederzeit Eigentum von Compad Software und wird dem Auftraggeber ausschlie\u00dflich f\u00fcr die Dauer des Abonnements zur Nutzung \u00fcberlassen.<br \/>\n7.6 Bei Beendigung des Abonnements, aus welchem Grund auch immer, ist der Auftraggeber verpflichtet, die Hardware innerhalb von 14 Tagen nach Beendigung vollst\u00e4ndig, unbesch\u00e4digt und im Originalzustand an Compad Software zur\u00fcckzusenden. Die Transportkosten f\u00fcr die R\u00fccksendung gehen zu Lasten des Auftraggebers.<br \/>\n7.7 Wird die Hardware nicht rechtzeitig zur\u00fcckgegeben, schuldet der Auftraggeber ohne weitere Inverzugsetzung eine sofort f\u00e4llige Entsch\u00e4digung in H\u00f6he von einmalig 5.000,\u2013 \u20ac pro Kasse, ohne gerichtliche Intervention.<br \/>\n7.8 Compad Software beh\u00e4lt sich zudem das Recht vor, den vollen Wiederbeschaffungswert der Hardware in Rechnung zu stellen, falls die Hardware nicht zur\u00fcckgegeben oder in besch\u00e4digtem Zustand empfangen wird. <\/p>\n<ol start=\"8\">\n<li style=\"font-weight: 400; color: #006ab4;\"><strong>  Datenschutz<\/strong><\/li>\n<\/ol>\n<p style=\"font-weight: 400;\">8.1 Personenbezogene Daten, die \u00fcber CompadOne verarbeitet werden, werden in \u00dcbereinstimmung mit der DSGVO behandelt.<br \/>\n8.2 Der Auftraggeber bleibt f\u00fcr die rechtm\u00e4\u00dfige Verarbeitung von Daten innerhalb der Kassensoftware verantwortlich.<br \/>\n8.3 Compad Software darf Unterauftragsverarbeiter hinzuziehen, sofern diese dieselben Verpflichtungen einhalten.<br \/>\n8.4 Daten werden nicht l\u00e4nger gespeichert, als es f\u00fcr die Durchf\u00fchrung des Abonnements erforderlich ist, und werden danach gel\u00f6scht oder dem Auftraggeber in einem g\u00e4ngigen Format zur Verf\u00fcgung gestellt.<\/p>\n<ol start=\"9\">\n<li style=\"font-weight: 400; color: #006ab4;\"><strong>  Zahlung und Inkasso<\/strong><\/li>\n<\/ol>\n<p style=\"font-weight: 400;\">9.1 Die Zahlung des Abonnements hat rechtzeitig im Voraus gem\u00e4\u00df den im Vertrag genannten Zahlungsbedingungen zu erfolgen.<br \/>\n9.2 Wenn der Auftraggeber nicht rechtzeitig zahlt, beh\u00e4lt sich Compad Software das Recht vor, die Nutzung der Softwarelizenz von CompadOne vor\u00fcbergehend auszusetzen. Diese Aussetzung kann aus der Ferne erfolgen, sodass CompadOne nicht genutzt werden kann, bis die Zahlung erfolgt ist.<br \/>\n9.3 CompadOne kann um mehrere Lizenzen innerhalb eines Gesch\u00e4fts erweitert werden. F\u00fcr jede zus\u00e4tzliche Lizenz wird eine separate Abonnementgeb\u00fchr berechnet. Zus\u00e4tzliche Lizenzen werden pro vollem Monat fakturiert und k\u00f6nnen nicht pro rata erworben werden.   <\/p>\n<ol start=\"10\">\n<li style=\"font-weight: 400; color: #006ab4;\"><strong>  H\u00f6here Gewalt<\/strong><\/li>\n<\/ol>\n<p style=\"font-weight: 400;\">10.1 Die Parteien haften nicht f\u00fcr Verz\u00f6gerungen oder Nichterf\u00fcllung infolge h\u00f6herer Gewalt, worunter Feuer, Sturm, Pandemien, Stromausf\u00e4lle oder andere Umst\u00e4nde au\u00dferhalb der Kontrolle von Compad Software zu verstehen sind.<br \/>\n10.2 Dauert eine Situation h\u00f6herer Gewalt l\u00e4nger als 90 Tage an, kann der Vertrag schriftlich gek\u00fcndigt werden, wobei bereits erbrachte Leistungen oder Hardware anteilig abgerechnet werden.<br \/>\n9.3 Compad Software ist bei h\u00f6herer Gewalt nicht zum Austausch oder zur Entsch\u00e4digung von Hardware verpflichtet.<\/p>\n<ol start=\"11\">\n<li style=\"font-weight: 400; color: #006ab4;\"><strong>  Vertraulichkeit<\/strong><\/li>\n<\/ol>\n<p style=\"font-weight: 400;\">11.1 Beide Parteien verpflichten sich zur Geheimhaltung aller vertraulichen Informationen, einschlie\u00dflich Software, Dokumentation und technischer Daten von Compad Software.<\/p>\n<ol start=\"12\">\n<li style=\"font-weight: 400; color: #006ab4;\"><strong>  Dauer und Fortf\u00fchrung des Abonnements<\/strong><\/li>\n<\/ol>\n<p style=\"font-weight: 400;\">12.1 Das Abonnement hat eine anf\u00e4ngliche Laufzeit von drei Jahren, sofern nicht schriftlich etwas anderes vereinbart wurde.<br \/>\n12.2 Nach Ablauf dieses Zeitraums hat der Auftraggeber die Wahl zwischen folgenden M\u00f6glichkeiten:<br \/>\na. Wenn die bestehende Hardware von CompadOne noch ordnungsgem\u00e4\u00df funktioniert, kann der Auftraggeber das Abonnement fortsetzen. In diesem Fall wird ein Rabatt von 20,\u2013 \u20ac pro Monat auf die geltende Abonnementgeb\u00fchr gew\u00e4hrt;<br \/>\nb. Wenn der Auftraggeber den Austausch der Hardware w\u00e4hlt, wird ein neues Abonnement f\u00fcr einen neuen Zeitraum abgeschlossen. Der Auftraggeber erh\u00e4lt in diesem Fall eine neue Kasse inklusive der dazugeh\u00f6rigen Software. F\u00fcr die Inbetriebnahme und Einrichtung dieser neuen Kasse werden Integrationskosten in Rechnung gestellt.<br \/>\n12.3 Wenn der Auftraggeber vor Ende der anf\u00e4nglichen Laufzeit keine Wahl bekannt gibt, wird das Abonnement automatisch auf Basis der bestehenden Hardware fortgesetzt, unter Anwendung des in Absatz 2 unter a genannten Rabatts.<br \/>\n12.4 Compad Software beh\u00e4lt sich das Recht vor, das Abonnement mit sofortiger Wirkung zu k\u00fcndigen, falls der Auftraggeber f\u00fcr insolvent erkl\u00e4rt wird, einen Zahlungsaufschub beantragt oder anderweitig seine Verpflichtungen schwerwiegend verletzt.     <\/p>\n<ol start=\"13\">\n<li style=\"font-weight: 400; color: #006ab4;\"><strong>  Anwendbares Recht und Streitigkeiten<\/strong><\/li>\n<\/ol>\n<p style=\"font-weight: 400;\">13.1 Auf alle Vertr\u00e4ge findet niederl\u00e4ndisches Recht Anwendung.<br \/>\n13.2 Streitigkeiten werden dem zust\u00e4ndigen Gericht in Almelo vorgelegt, sofern die Parteien nicht schriftlich etwas anderes vereinbaren.<\/p>\n<\/div><\/div><\/div><\/div><\/div>\n","protected":false},"excerpt":{"rendered":"","protected":false},"author":1,"featured_media":0,"parent":0,"menu_order":0,"comment_status":"closed","ping_status":"closed","template":"","meta":{"footnotes":""},"class_list":["post-1953","page","type-page","status-publish","hentry"],"_links":{"self":[{"href":"https:\/\/compadone.com\/de\/wp-json\/wp\/v2\/pages\/1953","targetHints":{"allow":["GET"]}}],"collection":[{"href":"https:\/\/compadone.com\/de\/wp-json\/wp\/v2\/pages"}],"about":[{"href":"https:\/\/compadone.com\/de\/wp-json\/wp\/v2\/types\/page"}],"author":[{"embeddable":true,"href":"https:\/\/compadone.com\/de\/wp-json\/wp\/v2\/users\/1"}],"replies":[{"embeddable":true,"href":"https:\/\/compadone.com\/de\/wp-json\/wp\/v2\/comments?post=1953"}],"version-history":[{"count":1,"href":"https:\/\/compadone.com\/de\/wp-json\/wp\/v2\/pages\/1953\/revisions"}],"predecessor-version":[{"id":1956,"href":"https:\/\/compadone.com\/de\/wp-json\/wp\/v2\/pages\/1953\/revisions\/1956"}],"wp:attachment":[{"href":"https:\/\/compadone.com\/de\/wp-json\/wp\/v2\/media?parent=1953"}],"curies":[{"name":"wp","href":"https:\/\/api.w.org\/{rel}","templated":true}]}}