{"id":1886,"date":"2026-04-07T15:27:43","date_gmt":"2026-04-07T15:27:43","guid":{"rendered":"https:\/\/compadone.com\/kosten-tarife\/"},"modified":"2026-05-01T11:43:20","modified_gmt":"2026-05-01T11:43:20","slug":"kosten-tarife","status":"publish","type":"page","link":"https:\/\/compadone.com\/de\/kosten-tarife\/","title":{"rendered":"Kosten\/Tarife"},"content":{"rendered":"<div class=\"fusion-fullwidth fullwidth-box fusion-builder-row-1 fusion-flex-container has-pattern-background has-mask-background nonhundred-percent-fullwidth non-hundred-percent-height-scrolling\" style=\"--awb-border-radius-top-left:0px;--awb-border-radius-top-right:0px;--awb-border-radius-bottom-right:0px;--awb-border-radius-bottom-left:0px;--awb-margin-top:10%;--awb-flex-wrap:wrap;\" ><div class=\"fusion-builder-row fusion-row fusion-flex-align-items-flex-start fusion-flex-content-wrap\" style=\"max-width:1185.6px;margin-left: calc(-4% \/ 2 );margin-right: calc(-4% \/ 2 );\"><div class=\"fusion-layout-column fusion_builder_column fusion-builder-column-0 fusion_builder_column_1_1 1_1 fusion-flex-column\" style=\"--awb-bg-size:cover;--awb-width-large:100%;--awb-margin-top-large:12%;--awb-spacing-right-large:1.92%;--awb-margin-bottom-large:5%;--awb-spacing-left-large:1.92%;--awb-width-medium:100%;--awb-order-medium:0;--awb-spacing-right-medium:1.92%;--awb-spacing-left-medium:1.92%;--awb-width-small:100%;--awb-order-small:0;--awb-spacing-right-small:1.92%;--awb-spacing-left-small:1.92%;\" data-scroll-devices=\"small-visibility,medium-visibility,large-visibility\"><div class=\"fusion-column-wrapper fusion-column-has-shadow fusion-flex-justify-content-flex-start fusion-content-layout-column\"><div class=\"fusion-text fusion-text-1\"><h3>Support<\/h3>\n<p>Der Helpdesk ist an 7 Tagen in der Woche, 365 Tage im Jahr erreichbar, einschlie\u00dflich Abenden, Wochenenden und Feiertagen<\/p>\n<p><strong>Technische Vorbereitung<\/strong><\/p>\n<p>F\u00fcr die technische Vorbereitung Ihrer CompadOne-Kasse steht ein ausf\u00fchrliches Dokument zur Verf\u00fcgung. Dieses Dokument enth\u00e4lt: <\/p>\n<ul>\n<li>Verkabelungsanforderungen<\/li>\n<li>Netzwerkkonfiguration<\/li>\n<li>Installationsanweisungen<\/li>\n<li>Spezifische Hardware- und Softwareanforderungen<\/li>\n<\/ul>\n<p><em>Hinweis: Das technische Dokument kann auf Anfrage angefordert werden und dient dazu, eine reibungslose und effiziente Installation zu gew\u00e4hrleisten.<\/em><\/p>\n<p><strong>Inbetriebnahme CompadOne<\/strong><\/p>\n<p>Unsere Implementierung umfasst unter anderem ein <strong data-start=\"107\" data-end=\"129\">Management-Training<\/strong> im Trainingszentrum von Compad, welches f\u00fcr einen korrekten und optimalen Betrieb der CompadOne <strong data-start=\"173\" data-end=\"186\">verpflichtend<\/strong> ist.<br data-start=\"245\" data-end=\"248\">Dar\u00fcber hinaus kann der Auftraggeber <strong data-start=\"279\" data-end=\"292\" data-is-only-node=\"\">optional<\/strong> die <strong data-start=\"305\" data-end=\"375\">Installation der Kasse vor Ort inklusive Einweisung des Personals<\/strong> w\u00e4hlen.<br data-start=\"376\" data-end=\"379\">Falls diese Option nicht in Anspruch genommen wird, gehen eventuelle Kosten f\u00fcr Installationsfragen oder die Begleitung des Personals vollst\u00e4ndig zu Lasten des Auftraggebers.<\/p>\n<p>F\u00fcr alle unsere Lieferungen gelten unsere Allgemeinen Gesch\u00e4ftsbedingungen. Alle unsere Preise verstehen sich exklusive MwSt. <\/p>\n<p>Bei R\u00fccklastschriften einer berechtigten Einzugserm\u00e4chtigung werden 30,\u2013 \u20ac Bearbeitungsgeb\u00fchr pro Vorfall berechnet.<\/p>\n<\/div>\n<div class=\"table-1\">\n<table width=\"100%\">\n<thead>\n<tr>\n<th align=\"left\" width=\"70%\"><strong>Pers\u00f6nliche Unterst\u00fctzung<\/strong><\/th>\n<th align=\"left\"><\/th>\n<\/tr>\n<\/thead>\n<tbody>\n<tr>\n<td align=\"left\"><strong>Im Abonnement enthalten:<\/strong><\/p>\n<ul>\n<li>Erreichbar w\u00e4hrend der regul\u00e4ren \u00d6ffnungszeiten von Compad<\/li>\n<li>Erreichbar w\u00e4hrend des Notdienstes<\/li>\n<li>Fernunterst\u00fctzung mittels Teamviewer<\/li>\n<li>Bei funktionierender Teamviewer-Verbindung<\/li>\n<li>Updates CompadOne<\/li>\n<\/ul>\n<p><b>Nicht im Abonnement enthalten:<\/b><\/p>\n<ul>\n<li>Nachverfolgung von Helpdesk-Anfragen<\/li>\n<li>Einlesen des Artikelstamms<\/li>\n<li>Neuprogrammierung<\/li>\n<li>Kosten und Verwaltung des Kartenterminals sowie Transaktionskosten PIN<\/li>\n<li>Kosten f\u00fcr Pay.nl<\/li>\n<\/ul>\n<\/td>\n<td align=\"left\" valign=\"bottom\"><\/td>\n<\/tr>\n<\/tbody>\n<\/table>\n<\/div>\n\n<div class=\"table-1\">\n<table width=\"100%\">\n<thead>\n<tr>\n<th align=\"left\" width=\"70%\"><strong>Pers\u00f6nliche Unterst\u00fctzung<\/strong><\/th>\n<th align=\"left\"><\/th>\n<\/tr>\n<\/thead>\n<tbody>\n<tr>\n<td align=\"left\">\n<ul>\n<li><span style=\"font-family: inherit; font-size: inherit;\"><span style=\"font-family: inherit; font-size: inherit;\">Helpdesk regul\u00e4re B\u00fcrozeiten<\/span><\/span><\/li>\n<\/ul>\n<\/td>\n<td align=\"left\" valign=\"centre\">30,\u2013 \u20ac pro Viertelstunde<\/td>\n<\/tr>\n<tr>\n<td align=\"left\">\n<ul>\n<li>Helpdesk Notdienst<\/li>\n<\/ul>\n<\/td>\n<td align=\"left\" valign=\"centre\">  60,\u2013 \u20ac pro Viertelstunde*<\/p>\n<p>* Mindestens 120,\u2013 \u20ac<\/td>\n<\/tr>\n<\/tbody>\n<\/table>\n<\/div>\n<div class=\"fusion-separator fusion-full-width-sep\" style=\"align-self: center;margin-left: auto;margin-right: auto;margin-top:10px;margin-bottom:10px;width:100%;\"><\/div><\/div><\/div><\/div><\/div>\n","protected":false},"excerpt":{"rendered":"","protected":false},"author":1,"featured_media":0,"parent":0,"menu_order":0,"comment_status":"closed","ping_status":"closed","template":"","meta":{"footnotes":""},"class_list":["post-1886","page","type-page","status-publish","hentry"],"_links":{"self":[{"href":"https:\/\/compadone.com\/de\/wp-json\/wp\/v2\/pages\/1886","targetHints":{"allow":["GET"]}}],"collection":[{"href":"https:\/\/compadone.com\/de\/wp-json\/wp\/v2\/pages"}],"about":[{"href":"https:\/\/compadone.com\/de\/wp-json\/wp\/v2\/types\/page"}],"author":[{"embeddable":true,"href":"https:\/\/compadone.com\/de\/wp-json\/wp\/v2\/users\/1"}],"replies":[{"embeddable":true,"href":"https:\/\/compadone.com\/de\/wp-json\/wp\/v2\/comments?post=1886"}],"version-history":[{"count":2,"href":"https:\/\/compadone.com\/de\/wp-json\/wp\/v2\/pages\/1886\/revisions"}],"predecessor-version":[{"id":1888,"href":"https:\/\/compadone.com\/de\/wp-json\/wp\/v2\/pages\/1886\/revisions\/1888"}],"wp:attachment":[{"href":"https:\/\/compadone.com\/de\/wp-json\/wp\/v2\/media?parent=1886"}],"curies":[{"name":"wp","href":"https:\/\/api.w.org\/{rel}","templated":true}]}}