{"id":1791,"date":"2025-10-31T14:50:50","date_gmt":"2025-10-31T14:50:50","guid":{"rendered":"https:\/\/compadone.com\/datenschutzerklaerung\/"},"modified":"2026-05-01T11:41:04","modified_gmt":"2026-05-01T11:41:04","slug":"datenschutzerklaerung","status":"publish","type":"page","link":"https:\/\/compadone.com\/de\/datenschutzerklaerung\/","title":{"rendered":"Datenschutzerkl\u00e4rung"},"content":{"rendered":"<div class=\"fusion-fullwidth fullwidth-box fusion-builder-row-1 fusion-flex-container nonhundred-percent-fullwidth non-hundred-percent-height-scrolling\" style=\"--awb-border-radius-top-left:0px;--awb-border-radius-top-right:0px;--awb-border-radius-bottom-right:0px;--awb-border-radius-bottom-left:0px;--awb-flex-wrap:wrap;\" ><div class=\"fusion-builder-row fusion-row fusion-flex-align-items-flex-start fusion-flex-content-wrap\" style=\"max-width:1185.6px;margin-left: calc(-4% \/ 2 );margin-right: calc(-4% \/ 2 );\"><div class=\"fusion-layout-column fusion_builder_column fusion-builder-column-0 fusion_builder_column_1_1 1_1 fusion-flex-column\" style=\"--awb-bg-size:cover;--awb-width-large:100%;--awb-margin-top-large:15%;--awb-spacing-right-large:1.92%;--awb-margin-bottom-large:5%;--awb-spacing-left-large:1.92%;--awb-width-medium:100%;--awb-order-medium:0;--awb-spacing-right-medium:1.92%;--awb-spacing-left-medium:1.92%;--awb-width-small:100%;--awb-order-small:0;--awb-spacing-right-small:1.92%;--awb-spacing-left-small:1.92%;\" data-scroll-devices=\"small-visibility,medium-visibility,large-visibility\"><div class=\"fusion-column-wrapper fusion-column-has-shadow fusion-flex-justify-content-flex-start fusion-content-layout-column\"><div class=\"fusion-title title fusion-title-1 fusion-sep-none fusion-title-text fusion-title-size-three\" style=\"--awb-text-color:var(--awb-color6);--awb-margin-top-small:0px;--awb-margin-right-small:0px;--awb-margin-bottom-small:20px;--awb-margin-left-small:0px;\"><h3 class=\"fusion-title-heading title-heading-left fusion-responsive-typography-calculated\" style=\"margin:0;--fontSize:45;line-height:var(--awb-typography1-line-height);\">Datenschutzerkl\u00e4rung<\/h3><\/div><div class=\"fusion-text fusion-text-1\"><p data-start=\"3846\" data-end=\"3959\"><strong data-start=\"3846\" data-end=\"3882\">Compad Software Development B.V.<\/strong><br data-start=\"3882\" data-end=\"3885\">Adresse: Demmersweg 92, 7556 BB Hengelo<br data-start=\"3922\" data-end=\"3925\">Tel: 074-3200 000<br data-start=\"3942\" data-end=\"3945\">Version: 2026<\/p>\n<p style=\"font-weight: 400; color: #006ab4;\"><strong>Wer ist f\u00fcr Ihre Daten verantwortlich?<\/strong><\/p>\n<p data-start=\"4014\" data-end=\"4123\">Compad Software Development B.V. ist f\u00fcr die Verarbeitung personenbezogener Daten \u00fcber CompadOne verantwortlich.<\/p>\n<p style=\"font-weight: 400; color: #006ab4;\"><strong>Welche personenbezogenen Daten verarbeiten wir?<\/strong><\/p>\n<p data-start=\"4174\" data-end=\"4203\">Wir verarbeiten unter anderem:<\/p>\n<ul data-start=\"4204\" data-end=\"4374\">\n<li data-section-id=\"1efs5j2\" data-start=\"4204\" data-end=\"4240\">Name, Adresse, E-Mail von Kunden;<\/li>\n<li data-section-id=\"827g2s\" data-start=\"4241\" data-end=\"4275\">Zahlungs- und Transaktionsdaten;<\/li>\n<li data-section-id=\"1pu8aha\" data-start=\"4276\" data-end=\"4329\">Kundeninformationen, die \u00fcber die Kasse eingegeben werden;<\/li>\n<li data-section-id=\"1o8nxif\" data-start=\"4330\" data-end=\"4374\">Protokolldaten \u00fcber die Nutzung der Software.<\/li>\n<\/ul>\n<p style=\"font-weight: 400; color: #006ab4;\"><strong>Zweck der Verarbeitung<\/strong><\/p>\n<p data-start=\"4410\" data-end=\"4445\">Ihre Daten werden verwendet f\u00fcr:<\/p>\n<ul data-start=\"4446\" data-end=\"4664\">\n<li data-section-id=\"j0uoo2\" data-start=\"4446\" data-end=\"4492\">das ordnungsgem\u00e4\u00dfe Funktionieren von CompadOne;<\/li>\n<li data-section-id=\"w06mwp\" data-start=\"4493\" data-end=\"4571\">die Durchf\u00fchrung des Abonnements (Updates, Support, Kontinuit\u00e4tsservice);<\/li>\n<li data-section-id=\"1a82efb\" data-start=\"4572\" data-end=\"4664\">die Erf\u00fcllung gesetzlicher Verpflichtungen (zum Beispiel steuerliche Aufbewahrung von Transaktionen).<\/li>\n<\/ul>\n<p style=\"font-weight: 400; color: #006ab4;\"><strong>Rechtsgrundlage f\u00fcr die Verarbeitung<\/strong><\/p>\n<p data-start=\"4705\" data-end=\"4751\">Wir verarbeiten personenbezogene Daten auf Grundlage von:<\/p>\n<ul data-start=\"4752\" data-end=\"4892\">\n<li data-section-id=\"kj92c3\" data-start=\"4752\" data-end=\"4818\">der Erf\u00fcllung eines Vertrages (das CompadOne-Abonnement);<\/li>\n<li data-section-id=\"1c6krtx\" data-start=\"4819\" data-end=\"4849\">gesetzlichen Verpflichtungen;<\/li>\n<li data-section-id=\"ze8ns3\" data-start=\"4850\" data-end=\"4892\">Ihrer Einwilligung, falls zutreffend.<\/li>\n<\/ul>\n<p style=\"font-weight: 400; color: #006ab4;\"><strong>Aufbewahrungsfristen<\/strong><\/p>\n<p data-start=\"4921\" data-end=\"5118\">Personenbezogene Daten werden so lange aufbewahrt, wie dies f\u00fcr die Durchf\u00fchrung des Abonnements erforderlich oder gesetzlich vorgeschrieben ist. Danach werden die Daten sicher gel\u00f6scht oder an den Auftraggeber zur\u00fcckgegeben. <\/p>\n<p style=\"font-weight: 400; color: #006ab4;\"><strong>Weitergabe an Dritte<\/strong><\/p>\n<ul data-start=\"5148\" data-end=\"5365\">\n<li data-section-id=\"dshz07\" data-start=\"5148\" data-end=\"5229\">Personenbezogene Daten werden nicht f\u00fcr kommerzielle Zwecke verkauft oder weitergegeben.<\/li>\n<li data-section-id=\"xjcah2\" data-start=\"5230\" data-end=\"5365\">F\u00fcr die Durchf\u00fchrung des Abonnements k\u00f6nnen Daten an Unterauftragsverarbeiter weitergegeben werden, zum Beispiel Hosting- oder Kurierdienste.<\/li>\n<\/ul>\n<p style=\"font-weight: 400; color: #006ab4;\"><strong>Sicherheit<\/strong><\/p>\n<p data-start=\"5390\" data-end=\"5540\">Wir haben angemessene technische und organisatorische Ma\u00dfnahmen getroffen, um Ihre Daten vor Verlust, Diebstahl und unbefugtem Zugriff zu sch\u00fctzen.<\/p>\n<p style=\"font-weight: 400; color: #006ab4;\"><strong>Ihre Rechte<\/strong><\/p>\n<p data-start=\"5564\" data-end=\"5583\">Sie haben das Recht auf:<\/p>\n<ul data-start=\"5584\" data-end=\"5792\">\n<li data-section-id=\"2328oy\" data-start=\"5584\" data-end=\"5628\">Auskunft und Kopie Ihrer personenbezogenen Daten;<\/li>\n<li data-section-id=\"1h8il2o\" data-start=\"5629\" data-end=\"5673\">Berichtigung oder Erg\u00e4nzung Ihrer Daten;<\/li>\n<li data-section-id=\"ylsfgk\" data-start=\"5674\" data-end=\"5719\">L\u00f6schung oder Einschr\u00e4nkung der Verarbeitung;<\/li>\n<li data-section-id=\"16iram8\" data-start=\"5720\" data-end=\"5751\">\u00dcbertragung Ihrer Daten;<\/li>\n<li data-section-id=\"1xtkw9k\" data-start=\"5752\" data-end=\"5792\">Widerspruch gegen bestimmte Verarbeitungen.<\/li>\n<\/ul>\n<p style=\"font-weight: 400; color: #006ab4;\"><strong>Kontakt<\/strong><\/p>\n<p data-start=\"5813\" data-end=\"5909\">Bei Fragen zu Ihren personenbezogenen Daten oder zur Aus\u00fcbung Ihrer Rechte k\u00f6nnen Sie Kontakt aufnehmen \u00fcber:<\/p>\n<ul data-start=\"5910\" data-end=\"5966\">\n<li data-section-id=\"me1sr1\" data-start=\"5910\" data-end=\"5939\">E-Mail: <a class=\"decorated-link cursor-pointer\" rel=\"noopener\" data-start=\"5920\" data-end=\"5937\">info@compad.nl<\/a><\/li>\n<li data-section-id=\"jxn9jh\" data-start=\"5940\" data-end=\"5966\">Telefon: 074-3200 000<\/li>\n<\/ul>\n<\/div><\/div><\/div><\/div><\/div>\n","protected":false},"excerpt":{"rendered":"","protected":false},"author":1,"featured_media":0,"parent":0,"menu_order":0,"comment_status":"closed","ping_status":"open","template":"","meta":{"footnotes":""},"class_list":["post-1791","page","type-page","status-publish","hentry"],"_links":{"self":[{"href":"https:\/\/compadone.com\/de\/wp-json\/wp\/v2\/pages\/1791","targetHints":{"allow":["GET"]}}],"collection":[{"href":"https:\/\/compadone.com\/de\/wp-json\/wp\/v2\/pages"}],"about":[{"href":"https:\/\/compadone.com\/de\/wp-json\/wp\/v2\/types\/page"}],"author":[{"embeddable":true,"href":"https:\/\/compadone.com\/de\/wp-json\/wp\/v2\/users\/1"}],"replies":[{"embeddable":true,"href":"https:\/\/compadone.com\/de\/wp-json\/wp\/v2\/comments?post=1791"}],"version-history":[{"count":2,"href":"https:\/\/compadone.com\/de\/wp-json\/wp\/v2\/pages\/1791\/revisions"}],"predecessor-version":[{"id":1793,"href":"https:\/\/compadone.com\/de\/wp-json\/wp\/v2\/pages\/1791\/revisions\/1793"}],"wp:attachment":[{"href":"https:\/\/compadone.com\/de\/wp-json\/wp\/v2\/media?parent=1791"}],"curies":[{"name":"wp","href":"https:\/\/api.w.org\/{rel}","templated":true}]}}